
{"id":6013,"date":"2019-11-27T09:40:15","date_gmt":"2019-11-27T09:40:15","guid":{"rendered":"https:\/\/lewhoad.sebserver.com\/?page_id=6013"},"modified":"2025-12-29T15:13:27","modified_gmt":"2025-12-29T15:13:27","slug":"menu","status":"publish","type":"page","link":"https:\/\/lew-hoad.com\/es\/menu\/","title":{"rendered":"Men\u00fa"},"content":{"rendered":"<section class=\"wpb-content-wrapper\"><p>[vc_row][vc_column][rev_slider_vc alias=\u00bbmenu\u00bb enable_paspartu=\u00bbno\u00bb][\/vc_column][\/vc_row][vc_row equal_height=\u00bbyes\u00bb el_class=\u00bbrow-menu\u00bb simple_background_color=\u00bb#f8f7f0&#8243;][vc_column][vc_row_inner equal_height=\u00bbyes\u00bb content_placement=\u00bbmiddle\u00bb gap=\u00bb35&#8243;][vc_column_inner width=\u00bb1\/2&#8243; css=\u00bb.vc_custom_1579007949837{background-image: url(https:\/\/lew-hoad.com\/wp-content\/uploads\/2020\/01\/menu_bodas@2x.jpg?id=6401) !important;background-position: center !important;background-repeat: no-repeat !important;background-size: cover !important;}\u00bb][\/vc_column_inner][vc_column_inner el_class=\u00bbboton-centrado\u00bb width=\u00bb1\/2&#8243;]<div class=\"eltdf-section-title-holder  eltdf-st-standard  \" style=\"text-align: left\">\n\t<div class=\"eltdf-st-inner\">\n        <div class=\"eltdf-st-image\" style=\"margin-bottom: -24px\">\n                    <\/div>\n\t\t\t\t\t<h2 class=\"eltdf-st-title\" >\n\t\t\t\t<span class=\"eltdf-st-title-word\">BODAS<\/span>\t\t\t<\/h2>\n\t\t\t\t\t\t\t<span class=\"eltdf-st-text\" style=\"color: #baaa70\">\n\t\t\t\tLe ofrecemos distintos ambientes para la celebraci\u00f3n de su enlace, al aire libre o en el interior de nuestra p\u00e9rgola, para realizar bodas tanto de d\u00eda como de noche.\t\t\t<\/span>\n\t\t\t<\/div>\n<\/div>[vc_empty_space height=\u00bb25px\u00bb][vc_column_text]Disponemos de cocina propia que se caracteriza por su variedad y cuidada presentaci\u00f3n, tanto en los aperitivos como en los platos principales.<br \/>\nNuestra principal apuesta es ofrecer un servicio basado en productos frescos y de \u00f3ptima calidad elaborados con el mayor esmero al instante.<br \/>\nBasados sobre una cocina tradicional mediterr\u00e1nea con nuevas propuestas de autor que encantan y sorprenden a partes iguales.<br \/>\nDisponemos de diversas propuestas para requerimientos especiales de men\u00fa (intolerancias, alergias, men\u00fa vegano\u2026).<\/p>\n<h5>Pregunta por nuestros men\u00fas cocktail y mix. Cualquier sugerencia que quieras a\u00f1adir es posible<\/h5>\n<p>[\/vc_column_text][vc_empty_space]<a itemprop=\"url\" href=\"https:\/\/lew-hoad.com\/wp-content\/uploads\/2025\/12\/BODAS-2026-Web-ESPANOL.pdf\" target=\"_blank\" style=\"color: #121e38;background-color: #ffffff\" class=\"eltdf-btn eltdf-btn-small eltdf-btn-solid\" >\n    <span class=\"eltdf-btn-text\">Ver Men\u00fa Bodas<\/span>\n                <span class=\"eltdf-btn-line eltdf-btn-line-top\"><\/span>\n        <span class=\"eltdf-btn-line eltdf-btn-line-right\"><\/span>\n        <span class=\"eltdf-btn-line eltdf-btn-line-bottom\"><\/span>\n        <span class=\"eltdf-btn-line eltdf-btn-line-left\"><\/span>\n    \t<\/a>[\/vc_column_inner][\/vc_row_inner][\/vc_column][\/vc_row][vc_row equal_height=\u00bbyes\u00bb el_class=\u00bbrow-menu\u00bb][vc_column][vc_row_inner equal_height=\u00bbyes\u00bb content_placement=\u00bbmiddle\u00bb gap=\u00bb35&#8243;][vc_column_inner el_class=\u00bbboton-centrado\u00bb width=\u00bb1\/2&#8243;]<div class=\"eltdf-section-title-holder  eltdf-st-standard  \" style=\"text-align: left\">\n\t<div class=\"eltdf-st-inner\">\n        <div class=\"eltdf-st-image\" style=\"margin-bottom: -24px\">\n                    <\/div>\n\t\t\t\t\t<h2 class=\"eltdf-st-title\" >\n\t\t\t\t<span class=\"eltdf-st-title-word\">RESTAURANTE<\/span> <span class=\"eltdf-st-title-word\">Y<\/span> <span class=\"eltdf-st-title-word\">SNACK<\/span> <span class=\"eltdf-st-title-word\">BAR<\/span>\t\t\t<\/h2>\n\t\t\t\t\t\t\t<span class=\"eltdf-st-text\" style=\"color: #baaa70\">\n\t\t\t\tNuestro restaurante cuenta con un sal\u00f3n interior con chimenea, una terraza de verano junto a la piscina y un bar-cafeter\u00eda.\t\t\t<\/span>\n\t\t\t<\/div>\n<\/div>[vc_empty_space height=\u00bb25px\u00bb][vc_column_text]Disponemos de una magn\u00edfica carta con m\u00faltiples especialidades de comida mediterr\u00e1nea e internacional, desde un suculento desayuno, snacks, hasta una cena en un ambiente selecto. Es conocido por su calidad tanto en el servicio como por las materias primas que utiliza.[\/vc_column_text][vc_empty_space]<a itemprop=\"url\" href=\"https:\/\/lew-hoad.com\/wp-content\/uploads\/2025\/12\/Carta-Restaurante-2026-Espanol.pdf\" target=\"_blank\" style=\"color: #121e38;background-color: #f8f7f0\" class=\"eltdf-btn eltdf-btn-small eltdf-btn-solid\" >\n    <span class=\"eltdf-btn-text\">Ver Men\u00fa<\/span>\n                <span class=\"eltdf-btn-line eltdf-btn-line-top\"><\/span>\n        <span class=\"eltdf-btn-line eltdf-btn-line-right\"><\/span>\n        <span class=\"eltdf-btn-line eltdf-btn-line-bottom\"><\/span>\n        <span class=\"eltdf-btn-line eltdf-btn-line-left\"><\/span>\n    \t<\/a>[\/vc_column_inner][vc_column_inner width=\u00bb1\/2&#8243; css=\u00bb.vc_custom_1579008001828{background-image: url(https:\/\/lew-hoad.com\/wp-content\/uploads\/2020\/01\/menu_restaurante@2x.jpg?id=6403) !important;background-position: center !important;background-repeat: no-repeat !important;background-size: cover !important;}\u00bb][\/vc_column_inner][\/vc_row_inner][\/vc_column][\/vc_row][vc_row equal_height=\u00bbyes\u00bb el_class=\u00bbrow-menu\u00bb simple_background_color=\u00bb#f8f7f0&#8243;][vc_column][vc_row_inner equal_height=\u00bbyes\u00bb content_placement=\u00bbmiddle\u00bb gap=\u00bb35&#8243;][vc_column_inner width=\u00bb1\/2&#8243; css=\u00bb.vc_custom_1574852592961{background-image: url(https:\/\/lew-hoad.com\/wp-content\/uploads\/2019\/11\/51177108_1007659619428965_4696778705064689664_o.jpg?id=6029) !important;background-position: center !important;background-repeat: no-repeat !important;background-size: cover !important;}\u00bb][\/vc_column_inner][vc_column_inner el_class=\u00bbboton-centrado\u00bb width=\u00bb1\/2&#8243;]<div class=\"eltdf-section-title-holder  eltdf-st-standard  \" style=\"text-align: left\">\n\t<div class=\"eltdf-st-inner\">\n        <div class=\"eltdf-st-image\" style=\"margin-bottom: -24px\">\n                    <\/div>\n\t\t\t\t\t<h2 class=\"eltdf-st-title\" >\n\t\t\t\t<span class=\"eltdf-st-title-word\">COMUNIONES<\/span> <span class=\"eltdf-st-title-word\">Y<\/span> <span class=\"eltdf-st-title-word\">BAUTIZOS<\/span>\t\t\t<\/h2>\n\t\t\t\t\t\t\t<span class=\"eltdf-st-text\" style=\"color: #baaa70\">\n\t\t\t\tDurante todo el a\u00f1o podra\u0301 disfrutar de un magn\u00edfico evento al aire libre y sin olvidar que, todo ello, enclavado en el marco incomparable de un Cortijo Andaluz.\t\t\t<\/span>\n\t\t\t<\/div>\n<\/div>[vc_empty_space height=\u00bb25px\u00bb][vc_column_text]Os asesoramos en todo momento, desde la eleccio\u0301n del\u00a0 menu\u0301 hasta los ma\u0301s pequen\u0303os detalles. Nuestra amplia\u00a0 experiencia y equipo humano har\u00e1n realidad su celebraci\u00f3n, tal y como lo hubiera imaginado.[\/vc_column_text][vc_empty_space]<a itemprop=\"url\" href=\"https:\/\/lew-hoad.com\/wp-content\/uploads\/2025\/02\/DOSSIER-COMUNIONES-2025-WEB.pdf\" target=\"_self\" style=\"color: #121e38;background-color: #ffffff\" class=\"eltdf-btn eltdf-btn-small eltdf-btn-solid\" >\n    <span class=\"eltdf-btn-text\">Ver Men\u00fa Comuniones<\/span>\n                <span class=\"eltdf-btn-line eltdf-btn-line-top\"><\/span>\n        <span class=\"eltdf-btn-line eltdf-btn-line-right\"><\/span>\n        <span class=\"eltdf-btn-line eltdf-btn-line-bottom\"><\/span>\n        <span class=\"eltdf-btn-line eltdf-btn-line-left\"><\/span>\n    \t<\/a><a itemprop=\"url\" href=\"https:\/\/lew-hoad.com\/wp-content\/uploads\/2025\/02\/DOSSIER-BAUTIZOS-2025-WEB.pdf\" target=\"_blank\" style=\"color: #121e38;background-color: #ffffff\" class=\"eltdf-btn eltdf-btn-medium eltdf-btn-solid\" >\n    <span class=\"eltdf-btn-text\">Ver Men\u00fa Bautizos<\/span>\n                <span class=\"eltdf-btn-line eltdf-btn-line-top\"><\/span>\n        <span class=\"eltdf-btn-line eltdf-btn-line-right\"><\/span>\n        <span class=\"eltdf-btn-line eltdf-btn-line-bottom\"><\/span>\n        <span class=\"eltdf-btn-line eltdf-btn-line-left\"><\/span>\n    \t<\/a>[\/vc_column_inner][\/vc_row_inner][\/vc_column][\/vc_row][vc_row equal_height=\u00bbyes\u00bb el_class=\u00bbrow-menu\u00bb][vc_column][vc_row_inner equal_height=\u00bbyes\u00bb content_placement=\u00bbmiddle\u00bb gap=\u00bb35&#8243;][vc_column_inner el_class=\u00bbboton-centrado\u00bb width=\u00bb1\/2&#8243;]<div class=\"eltdf-section-title-holder  eltdf-st-standard  \" style=\"text-align: left\">\n\t<div class=\"eltdf-st-inner\">\n        <div class=\"eltdf-st-image\" style=\"margin-bottom: -24px\">\n                    <\/div>\n\t\t\t\t\t<h2 class=\"eltdf-st-title\" >\n\t\t\t\t<span class=\"eltdf-st-title-word\">EVENTOS<\/span>\t\t\t<\/h2>\n\t\t\t\t\t\t\t<span class=\"eltdf-st-text\" style=\"color: #baaa70\">\n\t\t\t\tNuestro Club pone a su servicio espectaculares jardines tropicales con estanques y diversa vegetacio\u0301n, que le proporcionara\u0301n un entorno ideal donde disfrutar de esa<br \/>\nfecha inolvidable, junto a su familia y amigos.\t\t\t<\/span>\n\t\t\t<\/div>\n<\/div>[vc_empty_space height=\u00bb25px\u00bb][vc_column_text]El Campo de Tenis y Padel Lew Hoad dispone de su propio equipo de Catering. Podra\u0301 degustar nuestras especialidades en diversos espacios, al aire libre o en el interior de nuestro Restaurante.<br \/>\nOfrecemos cuatro ambientes diferenciados: el Restaurante con capacidad para 110 invitados, la piscina con una capacidad de 200 invitados, Pe\u0301rgola Climatizada con capacidad para 200 invitados y el jard\u00edn Lew Hoad, con capacidad para 400 invitados.[\/vc_column_text][vc_empty_space]<a itemprop=\"url\" href=\"https:\/\/lew-hoad.com\/wp-content\/uploads\/2025\/02\/MENU-EVENTOS-2025-WEB.pdf\" target=\"_blank\" style=\"color: #121e38;background-color: #f8f7f0\" class=\"eltdf-btn eltdf-btn-small eltdf-btn-solid\" >\n    <span class=\"eltdf-btn-text\">Ver Men\u00fa Eventos<\/span>\n                <span class=\"eltdf-btn-line eltdf-btn-line-top\"><\/span>\n        <span class=\"eltdf-btn-line eltdf-btn-line-right\"><\/span>\n        <span class=\"eltdf-btn-line eltdf-btn-line-bottom\"><\/span>\n        <span class=\"eltdf-btn-line eltdf-btn-line-left\"><\/span>\n    \t<\/a>[\/vc_column_inner][vc_column_inner width=\u00bb1\/2&#8243; css=\u00bb.vc_custom_1579008225930{background-image: url(https:\/\/lew-hoad.com\/wp-content\/uploads\/2020\/01\/menu_eventos@2x.jpg?id=6404) !important;background-position: center !important;background-repeat: no-repeat !important;background-size: cover !important;}\u00bb][\/vc_column_inner][\/vc_row_inner][\/vc_column][\/vc_row][vc_row][vc_column][vc_empty_space height=\u00bb10px\u00bb][\/vc_column][\/vc_row][vc_row css=\u00bb.vc_custom_1579008429126{padding-top: 5% !important;padding-right: 20% !important;padding-bottom: 5% !important;padding-left: 20% !important;background-image: url(https:\/\/lew-hoad.com\/wp-content\/uploads\/2020\/01\/foto_fondo_contacta.jpg?id=6406) !important;background-position: center !important;background-repeat: no-repeat !important;background-size: cover !important;}\u00bb el_class=\u00bbancho-completo\u00bb][vc_column][vc_row_inner][vc_column_inner css=\u00bb.vc_custom_1575300422081{padding-top: 5% !important;padding-right: 10% !important;padding-bottom: 5% !important;padding-left: 10% !important;background-color: #ffffff !important;}\u00bb][vc_empty_space height=\u00bb50px\u00bb]<div class=\"eltdf-section-title-holder  eltdf-st-standard  \" style=\"text-align: center\">\n\t<div class=\"eltdf-st-inner\">\n        <div class=\"eltdf-st-image\" style=\"margin-bottom: -35px\">\n                    <\/div>\n\t\t\t\t\t<h2 class=\"eltdf-st-title\" >\n\t\t\t\t<span class=\"eltdf-st-title-word\">Contacta<\/span> <span class=\"eltdf-st-title-word\">con<\/span> <span class=\"eltdf-st-title-word\">Nosotros<\/span>\t\t\t<\/h2>\n\t\t\t\t\t<\/div>\n<\/div>[vc_empty_space height=\u00bb50px\u00bb][vc_raw_html]JTVCd3NfZm9ybSUyMGlkJTNEJTIyMSUyMiU1RA==[\/vc_raw_html][\/vc_column_inner][\/vc_row_inner][\/vc_column][\/vc_row][vc_row][vc_column][vc_empty_space height=\u00bb10px\u00bb][\/vc_column][\/vc_row][vc_row disable_background_image=\u00bb\u00bb simple_background_image=\u00bb5811&#8243; css=\u00bb.vc_custom_1574251605870{padding-top: 139px !important;padding-right: 10px !important;padding-bottom: 130px !important;padding-left: 10px !important;}\u00bb][vc_column]<div class=\"eltdf-testimonials-holder clearfix eltdf-testimonials-standard   eltdf-navigation-numbers\">\n    <div class=\"eltdf-testimonial-mark\" style=\"color: rgba(255,255,255,0.01)\">\u201d<\/div>\n    <div class=\"eltdf-testimonials eltdf-owl-slider\" data-number-of-items=\"1\" data-enable-loop=\"yes\" data-enable-autoplay=\"yes\" data-slider-speed=\"5000\" data-slider-speed-animation=\"600\" data-enable-navigation=\"yes\" data-enable-pagination=\"yes\" >\n\n    \n            <div class=\"eltdf-testimonial-content\" id=\"eltdf-testimonials-4612\">\n                <div class=\"eltdf-testimonial-text-holder\">\n                                            <h2 itemprop=\"name\" class=\"eltdf-testimonial-title entry-title\">Opiniones - Clientes<\/h2>\n                                                                <p class=\"eltdf-testimonial-text\" style=\"padding: 0 19%\">Gracias a vosotros por hacer que el d\u00eda de nuestra boda fuera tan especial, como lo so\u00f1\u00e1bamos, sin vuestra dedicaci\u00f3n no hubiera salido igual. Desde el principio nos encant\u00f3 vuestro trato y amabilidad y lo flexibles que hab\u00e9is sido con cualquier petici\u00f3n. Y por supuesto queremos darle las gracias especialmente a Alberto por aconsejarnos tan bien en todo y por conseguir que ese d\u00eda \u00fanicamente tuvi\u00e9ramos que preocuparnos de disfrutar<\/p>\n                                                                <h6 class=\"eltdf-testimonial-author\">\n                            <span class=\"eltdf-testimonials-author-name\">David y bel\u00e9n<\/span>\n                                                            <span class=\"eltdf-testimonials-author-job\">Boda<\/span>\n                                                    <\/h6>\n                                    <\/div>\n            <\/div>\n\n    \n            <div class=\"eltdf-testimonial-content\" id=\"eltdf-testimonials-3729\">\n                <div class=\"eltdf-testimonial-text-holder\">\n                                            <h2 itemprop=\"name\" class=\"eltdf-testimonial-title entry-title\">Opiniones - Clientes<\/h2>\n                                                                <p class=\"eltdf-testimonial-text\" style=\"padding: 0 19%\">Muchas gracias por hacer nuestros sue\u00f1os realidad. No tenemos palabras para describir lo felices que fuimos esa noche\u2026 Y todo, gracias al equipo humano y profesional que ten\u00e9is y al sentimiento que pon\u00e9is en vuestro trabajo\u2026 Mil gracias de coraz\u00f3n \u2026 De Andy y Nuria, un fuerte abrazo para Dani, Alberto y Eva. Gracias por ser como sois.<\/p>\n                                                                <h6 class=\"eltdf-testimonial-author\">\n                            <span class=\"eltdf-testimonials-author-name\">Andr\u00e9s y Nuria<\/span>\n                                                            <span class=\"eltdf-testimonials-author-job\">Boda<\/span>\n                                                    <\/h6>\n                                    <\/div>\n            <\/div>\n\n    \n            <div class=\"eltdf-testimonial-content\" id=\"eltdf-testimonials-3728\">\n                <div class=\"eltdf-testimonial-text-holder\">\n                                            <h2 itemprop=\"name\" class=\"eltdf-testimonial-title entry-title\">Opiniones - Clientes<\/h2>\n                                                                <p class=\"eltdf-testimonial-text\" style=\"padding: 0 19%\">\u201cHace pocas horas que me march\u00e9 de vuestro club y repetir\u00eda una y mil veces la noche de ayer. Simplemente perfecta!! La decoracion impresionante, el servicio inmejorable, la atenci\u00f3n excepcional y la comida exquisita. Todos los invitados nos felicitaron por el lugar elegido para la celebraci\u00f3n de nuestra boda. Sin duda una noche m\u00e1gica, irrepetible e inolvidable. Una y mil veces GRACIAS\u201d<\/p>\n                                                                <h6 class=\"eltdf-testimonial-author\">\n                            <span class=\"eltdf-testimonials-author-name\">\u00c1lvaro y Sonia<\/span>\n                                                            <span class=\"eltdf-testimonials-author-job\">Boda<\/span>\n                                                    <\/h6>\n                                    <\/div>\n            <\/div>\n\n    \n    <\/div>\n<\/div>[\/vc_column][\/vc_row][vc_row][vc_column el_class=\u00bbinstagram-prefooter\u00bb]<div class=\"eltdf-elements-holder   eltdf-one-column  eltdf-responsive-mode-768 \" ><div class=\"eltdf-eh-item   eltdf-horizontal-alignment-center \"  data-item-class=\"eltdf-eh-custom-5357\" data-1025-1366=\"110px 0 162px 0\" data-769-1024=\"110px 0 126px 0\" data-681-768=\"110px 0 112px 0\" data-680=\"110px 0 78px 0\">\n\t<div class=\"eltdf-eh-item-inner\">\n\t\t<div class=\"eltdf-eh-item-content eltdf-eh-custom-5357\" style=\"padding: 0px 0 0px 0\">\n\t\t\t<div class=\"eltdf-section-title-holder  eltdf-st-standard eltdf-st-with-dots \" style=\"text-align: center\">\n\t<div class=\"eltdf-st-inner\">\n        <div class=\"eltdf-st-image\" style=\"margin-bottom: -24px\">\n                    <\/div>\n\t\t\t\t\t<h2 class=\"eltdf-st-title\" >\n\t\t\t\t<span class=\"eltdf-st-title-word\">INSTAGRAM<\/span>\t\t\t<\/h2>\n\t\t\t\t\t<\/div>\n<\/div>\t\t<\/div>\n\t<\/div>\n<\/div><\/div>[\/vc_column][\/vc_row][vc_row css=\u00bb.vc_custom_1574265413535{padding-bottom: 100px !important;}\u00bb][vc_column][vc_row_inner][vc_column_inner css=\u00bb.vc_custom_1541148767685{margin-bottom: -3% !important;}\u00bb][vc_raw_html]JTVCaW5zdGFncmFtLWZlZWQlMjBmZWVkJTNEMSU1RA==[\/vc_raw_html][\/vc_column_inner][\/vc_row_inner][\/vc_column][\/vc_row]<\/p>\n<\/section>","protected":false},"excerpt":{"rendered":"<p>[vc_row][vc_column][rev_slider_vc alias=\u00bbmenu\u00bb enable_paspartu=\u00bbno\u00bb][\/vc_column][\/vc_row][vc_row equal_height=\u00bbyes\u00bb el_class=\u00bbrow-menu\u00bb simple_background_color=\u00bb#f8f7f0&#8243;][vc_column][vc_row_inner equal_height=\u00bbyes\u00bb content_placement=\u00bbmiddle\u00bb gap=\u00bb35&#8243;][vc_column_inner width=\u00bb1\/2&#8243; css=\u00bb.vc_custom_1579007949837{background-image: url(https:\/\/lew-hoad.com\/wp-content\/uploads\/2020\/01\/menu_bodas@2x.jpg?id=6401) !important;background-position: center !important;background-repeat: no-repeat !important;background-size: cover !important;}\u00bb][\/vc_column_inner][vc_column_inner el_class=\u00bbboton-centrado\u00bb width=\u00bb1\/2&#8243;][vc_empty_space height=\u00bb25px\u00bb][vc_column_text]Disponemos de cocina propia que se caracteriza por su variedad y cuidada presentaci\u00f3n, tanto en los aperitivos como en los platos principales. Nuestra principal apuesta es ofrecer un servicio basado en productos frescos y de \u00f3ptima calidad elaborados con el mayor esmero al instante. [&hellip;]<\/p>\n","protected":false},"author":1,"featured_media":0,"parent":0,"menu_order":0,"comment_status":"closed","ping_status":"closed","template":"full-width.php","meta":{"footnotes":""},"class_list":["post-6013","page","type-page","status-publish","hentry"],"_links":{"self":[{"href":"https:\/\/lew-hoad.com\/es\/wp-json\/wp\/v2\/pages\/6013","targetHints":{"allow":["GET"]}}],"collection":[{"href":"https:\/\/lew-hoad.com\/es\/wp-json\/wp\/v2\/pages"}],"about":[{"href":"https:\/\/lew-hoad.com\/es\/wp-json\/wp\/v2\/types\/page"}],"author":[{"embeddable":true,"href":"https:\/\/lew-hoad.com\/es\/wp-json\/wp\/v2\/users\/1"}],"replies":[{"embeddable":true,"href":"https:\/\/lew-hoad.com\/es\/wp-json\/wp\/v2\/comments?post=6013"}],"version-history":[{"count":7,"href":"https:\/\/lew-hoad.com\/es\/wp-json\/wp\/v2\/pages\/6013\/revisions"}],"predecessor-version":[{"id":11154,"href":"https:\/\/lew-hoad.com\/es\/wp-json\/wp\/v2\/pages\/6013\/revisions\/11154"}],"wp:attachment":[{"href":"https:\/\/lew-hoad.com\/es\/wp-json\/wp\/v2\/media?parent=6013"}],"curies":[{"name":"wp","href":"https:\/\/api.w.org\/{rel}","templated":true}]}}